{"id":2,"date":"2016-05-10T03:48:21","date_gmt":"2016-05-10T03:48:21","guid":{"rendered":"https:\/\/apiculteur.com.tn\/?page_id=2"},"modified":"2025-11-11T21:53:51","modified_gmt":"2025-11-11T21:53:51","slug":"sample-page","status":"publish","type":"page","link":"https:\/\/apiculteur.com.tn\/?page_id=2","title":{"rendered":"Visites-r\u00e9colte-entretien des ruches"},"content":{"rendered":"\n\n\n<figure class=\"wp-block-image size-large\"><img loading=\"lazy\" decoding=\"async\" width=\"1024\" height=\"771\" src=\"https:\/\/apiculteur.com.tn\/wp-content\/uploads\/2025\/11\/VWhowZ7d-1024x771.jpg\" alt=\"\" class=\"wp-image-20\" srcset=\"https:\/\/apiculteur.com.tn\/wp-content\/uploads\/2025\/11\/VWhowZ7d-1024x771.jpg 1024w, https:\/\/apiculteur.com.tn\/wp-content\/uploads\/2025\/11\/VWhowZ7d-300x226.jpg 300w, https:\/\/apiculteur.com.tn\/wp-content\/uploads\/2025\/11\/VWhowZ7d-768x578.jpg 768w, https:\/\/apiculteur.com.tn\/wp-content\/uploads\/2025\/11\/VWhowZ7d-1536x1156.jpg 1536w, https:\/\/apiculteur.com.tn\/wp-content\/uploads\/2025\/11\/VWhowZ7d-2048x1542.jpg 2048w\" sizes=\"auto, (max-width: 1024px) 100vw, 1024px\" \/><\/figure>\n\n\n\n<p>L\u2019apiculteur tunisien, v\u00e9ritable gardien de la nature, adapte son travail au rythme des saisons. Attentif \u00e0 l\u2019environnement, il observe les cycles floraux et d\u00e9place ses ruches vers les zones les plus riches en nectar afin d\u2019offrir \u00e0 ses abeilles les meilleures conditions de production et de garantir un miel d\u2019excellence.<\/p>\n\n\n\n<p>Au printemps, les ruches sont install\u00e9es \u00e0 proximit\u00e9 des champs d\u2019orangers, p\u00e9riode propice \u00e0 la production d\u2019un miel doux et d\u00e9licatement parfum\u00e9.<\/p>\n\n\n\n<p>\u00c0 la fin du printemps, les abeilles butinent les fleurs composant le tabel, c\u00e9l\u00e8bre m\u00e9lange d\u2019\u00e9pices tunisien \u00e0 base de coriandre, de carvi et d\u2019herbes sauvages, donnant un miel au go\u00fbt typiquement local.<\/p>\n\n\n\n<p>Durant l\u2019\u00e9t\u00e9, la floraison de l\u2019eucalyptus (kaltous), du romarin (klil) et du thym (zaatar) offre un miel plus cors\u00e9 et aromatique, reflet de la chaleur et de la richesse du terroir tunisien.<\/p>\n\n\n\n<p>En automne, avant la p\u00e9riode de repos hivernal, les abeilles se nourrissent des derni\u00e8res floraisons, notamment celles de la roquette sauvage (jarjir), produisant un miel rare et pr\u00e9cieux, symbole de la fin du cycle apicole.<\/p>\n","protected":false},"excerpt":{"rendered":"<p>L\u2019apiculteur tunisien, v\u00e9ritable gardien de la nature, adapte son travail au rythme des saisons. Attentif \u00e0 l\u2019environnement, il observe les cycles floraux et d\u00e9place ses ruches vers les zones les plus riches en nectar afin d\u2019offrir \u00e0 ses abeilles les meilleures conditions de production et de garantir un miel d\u2019excellence. Au printemps, les ruches sont [&hellip;]<\/p>\n","protected":false},"author":1,"featured_media":0,"parent":0,"menu_order":0,"comment_status":"closed","ping_status":"closed","template":"","meta":{"footnotes":""},"class_list":["post-2","page","type-page","status-publish","hentry"],"_links":{"self":[{"href":"https:\/\/apiculteur.com.tn\/index.php?rest_route=\/wp\/v2\/pages\/2","targetHints":{"allow":["GET"]}}],"collection":[{"href":"https:\/\/apiculteur.com.tn\/index.php?rest_route=\/wp\/v2\/pages"}],"about":[{"href":"https:\/\/apiculteur.com.tn\/index.php?rest_route=\/wp\/v2\/types\/page"}],"author":[{"embeddable":true,"href":"https:\/\/apiculteur.com.tn\/index.php?rest_route=\/wp\/v2\/users\/1"}],"replies":[{"embeddable":true,"href":"https:\/\/apiculteur.com.tn\/index.php?rest_route=%2Fwp%2Fv2%2Fcomments&post=2"}],"version-history":[{"count":1,"href":"https:\/\/apiculteur.com.tn\/index.php?rest_route=\/wp\/v2\/pages\/2\/revisions"}],"predecessor-version":[{"id":21,"href":"https:\/\/apiculteur.com.tn\/index.php?rest_route=\/wp\/v2\/pages\/2\/revisions\/21"}],"wp:attachment":[{"href":"https:\/\/apiculteur.com.tn\/index.php?rest_route=%2Fwp%2Fv2%2Fmedia&parent=2"}],"curies":[{"name":"wp","href":"https:\/\/api.w.org\/{rel}","templated":true}]}}